{"id":3019,"date":"2019-12-27T13:46:50","date_gmt":"2019-12-27T13:46:50","guid":{"rendered":"https:\/\/medservice.ee\/?page_id=3019"},"modified":"2019-12-27T13:47:31","modified_gmt":"2019-12-27T13:47:31","slug":"hoitoavun-turvaaminen","status":"publish","type":"page","link":"https:\/\/medservice.ee\/fi\/hoitoavun-turvaaminen\/","title":{"rendered":"Hoitoavun turvaaminen"},"content":{"rendered":"\t\t<div data-elementor-type=\"wp-page\" data-elementor-id=\"3019\" class=\"elementor elementor-3019 elementor-2729\" data-elementor-post-type=\"page\">\n\t\t\t\t\t\t<section class=\"elementor-section elementor-top-section elementor-element elementor-element-717e6cdd elementor-section-content-middle elementor-reverse-mobile elementor-section-boxed elementor-section-height-default elementor-section-height-default\" data-id=\"717e6cdd\" data-element_type=\"section\" data-e-type=\"section\">\n\t\t\t\t\t\t<div class=\"elementor-container elementor-column-gap-no\">\n\t\t\t\t\t<div class=\"elementor-column elementor-col-50 elementor-top-column elementor-element elementor-element-24a1a8cc\" data-id=\"24a1a8cc\" data-element_type=\"column\" data-e-type=\"column\">\n\t\t\t<div class=\"elementor-widget-wrap elementor-element-populated\">\n\t\t\t\t\t\t<div class=\"elementor-element elementor-element-621a6f03 elementor-widget elementor-widget-heading\" data-id=\"621a6f03\" data-element_type=\"widget\" data-e-type=\"widget\" data-widget_type=\"heading.default\">\n\t\t\t\t<div class=\"elementor-widget-container\">\n\t\t\t\t\t<h3 class=\"elementor-heading-title elementor-size-default\">Hoitoavun turvaaminen<\/h3>\t\t\t\t<\/div>\n\t\t\t\t<\/div>\n\t\t\t\t<div class=\"elementor-element elementor-element-502ac81a elementor-widget-divider--view-line elementor-widget elementor-widget-divider\" data-id=\"502ac81a\" data-element_type=\"widget\" data-e-type=\"widget\" data-widget_type=\"divider.default\">\n\t\t\t\t<div class=\"elementor-widget-container\">\n\t\t\t\t\t\t\t<div class=\"elementor-divider\">\n\t\t\t<span class=\"elementor-divider-separator\">\n\t\t\t\t\t\t<\/span>\n\t\t<\/div>\n\t\t\t\t\t\t<\/div>\n\t\t\t\t<\/div>\n\t\t\t\t<div class=\"elementor-element elementor-element-3f0efd07 elementor-widget elementor-widget-text-editor\" data-id=\"3f0efd07\" data-element_type=\"widget\" data-e-type=\"widget\" data-widget_type=\"text-editor.default\">\n\t\t\t\t<div class=\"elementor-widget-container\">\n\t\t\t\t\t\t\t\t\t<p>Samoin tarjoamme ensiapuhenkil\u00f6st\u00f6\u00e4 erilaisiin urheilu- ja muihin tilaisuuksiin. Hinnat sopimuksen mukaan riippuen tilaisuuden kestosta, sijainnista, hoitohenkil\u00f6kunnan m\u00e4\u00e4r\u00e4st\u00e4 jne.<\/p><p>Tilausta tehdess\u00e4 pyyd\u00e4mme Teit\u00e4 tutustumaan avointen liikunta- ja urheilutapahtumien ensiapupalvelujen ohjeisiin, mitk\u00e4 l\u00f6ytyv\u00e4t netist\u00e4: <a href=\"https:\/\/www.eok.ee\/liikumisharrastus\/spordiurituste-meditsiinilise-teenindamise-juhend\" target=\"_blank\" rel=\"noopener\">https:\/\/www.eok.ee\/liikumisharrastus\/spordiurituste-meditsiinilise-teenindamise-juhend\u00a0<\/a><\/p>\t\t\t\t\t\t\t\t<\/div>\n\t\t\t\t<\/div>\n\t\t\t\t\t<\/div>\n\t\t<\/div>\n\t\t\t\t<div class=\"elementor-column elementor-col-50 elementor-top-column elementor-element elementor-element-35ad9953\" data-id=\"35ad9953\" data-element_type=\"column\" data-e-type=\"column\">\n\t\t\t<div class=\"elementor-widget-wrap elementor-element-populated\">\n\t\t\t\t\t\t<div class=\"elementor-element elementor-element-71aadb54 elementor-widget elementor-widget-image\" data-id=\"71aadb54\" data-element_type=\"widget\" data-e-type=\"widget\" data-widget_type=\"image.default\">\n\t\t\t\t<div class=\"elementor-widget-container\">\n\t\t\t\t\t\t\t\t\t\t\t\t\t\t\t<img fetchpriority=\"high\" decoding=\"async\" width=\"1560\" height=\"1170\" src=\"https:\/\/medservice.ee\/wp-content\/uploads\/2019\/12\/IMG_4885.jpg\" class=\"attachment-full size-full wp-image-2912\" alt=\"\" srcset=\"https:\/\/medservice.ee\/wp-content\/uploads\/2019\/12\/IMG_4885.jpg 1560w, https:\/\/medservice.ee\/wp-content\/uploads\/2019\/12\/IMG_4885-300x225.jpg 300w, https:\/\/medservice.ee\/wp-content\/uploads\/2019\/12\/IMG_4885-1024x768.jpg 1024w, https:\/\/medservice.ee\/wp-content\/uploads\/2019\/12\/IMG_4885-768x576.jpg 768w, https:\/\/medservice.ee\/wp-content\/uploads\/2019\/12\/IMG_4885-1536x1152.jpg 1536w\" sizes=\"(max-width: 1560px) 100vw, 1560px\" \/>\t\t\t\t\t\t\t\t\t\t\t\t\t\t\t<\/div>\n\t\t\t\t<\/div>\n\t\t\t\t\t<\/div>\n\t\t<\/div>\n\t\t\t\t\t<\/div>\n\t\t<\/section>\n\t\t\t\t<\/div>\n\t\t","protected":false},"excerpt":{"rendered":"<p>Hoitoavun turvaaminen Samoin tarjoamme ensiapuhenkil\u00f6st\u00f6\u00e4 erilaisiin urheilu- ja muihin tilaisuuksiin. Hinnat sopimuksen mukaan riippuen tilaisuuden kestosta, sijainnista, hoitohenkil\u00f6kunnan m\u00e4\u00e4r\u00e4st\u00e4 jne. Tilausta tehdess\u00e4 pyyd\u00e4mme Teit\u00e4 tutustumaan avointen liikunta- ja urheilutapahtumien ensiapupalvelujen ohjeisiin, mitk\u00e4 l\u00f6ytyv\u00e4t netist\u00e4: https:\/\/www.eok.ee\/liikumisharrastus\/spordiurituste-meditsiinilise-teenindamise-juhend\u00a0<\/p>\n","protected":false},"author":1,"featured_media":0,"parent":0,"menu_order":0,"comment_status":"closed","ping_status":"closed","template":"","meta":{"footnotes":""},"class_list":["post-3019","page","type-page","status-publish","hentry"],"aioseo_notices":[],"_links":{"self":[{"href":"https:\/\/medservice.ee\/fi\/wp-json\/wp\/v2\/pages\/3019","targetHints":{"allow":["GET"]}}],"collection":[{"href":"https:\/\/medservice.ee\/fi\/wp-json\/wp\/v2\/pages"}],"about":[{"href":"https:\/\/medservice.ee\/fi\/wp-json\/wp\/v2\/types\/page"}],"author":[{"embeddable":true,"href":"https:\/\/medservice.ee\/fi\/wp-json\/wp\/v2\/users\/1"}],"replies":[{"embeddable":true,"href":"https:\/\/medservice.ee\/fi\/wp-json\/wp\/v2\/comments?post=3019"}],"version-history":[{"count":0,"href":"https:\/\/medservice.ee\/fi\/wp-json\/wp\/v2\/pages\/3019\/revisions"}],"wp:attachment":[{"href":"https:\/\/medservice.ee\/fi\/wp-json\/wp\/v2\/media?parent=3019"}],"curies":[{"name":"wp","href":"https:\/\/api.w.org\/{rel}","templated":true}]}}