{"id":3010,"date":"2019-12-27T13:43:12","date_gmt":"2019-12-27T13:43:12","guid":{"rendered":"https:\/\/medservice.ee\/?page_id=3010"},"modified":"2020-06-29T13:26:42","modified_gmt":"2020-06-29T13:26:42","slug":"potilaskuljetukset","status":"publish","type":"page","link":"https:\/\/medservice.ee\/fi\/potilaskuljetukset\/","title":{"rendered":"Potilaskuljetukset"},"content":{"rendered":"\t\t<div data-elementor-type=\"wp-page\" data-elementor-id=\"3010\" class=\"elementor elementor-3010 elementor-5\" data-elementor-post-type=\"page\">\n\t\t\t\t\t\t<section class=\"elementor-section elementor-top-section elementor-element elementor-element-4ebb46c2 elementor-section-content-middle elementor-reverse-mobile elementor-section-boxed elementor-section-height-default elementor-section-height-default\" data-id=\"4ebb46c2\" data-element_type=\"section\" data-e-type=\"section\">\n\t\t\t\t\t\t<div class=\"elementor-container elementor-column-gap-no\">\n\t\t\t\t\t<div class=\"elementor-column elementor-col-50 elementor-top-column elementor-element elementor-element-1163c13c\" data-id=\"1163c13c\" data-element_type=\"column\" data-e-type=\"column\">\n\t\t\t<div class=\"elementor-widget-wrap elementor-element-populated\">\n\t\t\t\t\t\t<div class=\"elementor-element elementor-element-247fbd10 elementor-widget elementor-widget-heading\" data-id=\"247fbd10\" data-element_type=\"widget\" data-e-type=\"widget\" data-widget_type=\"heading.default\">\n\t\t\t\t<div class=\"elementor-widget-container\">\n\t\t\t\t\t<h3 class=\"elementor-heading-title elementor-size-default\">AndMar MedService O\u00dc<\/h3>\t\t\t\t<\/div>\n\t\t\t\t<\/div>\n\t\t\t\t<div class=\"elementor-element elementor-element-48f248d0 elementor-widget-divider--view-line elementor-widget elementor-widget-divider\" data-id=\"48f248d0\" data-element_type=\"widget\" data-e-type=\"widget\" data-widget_type=\"divider.default\">\n\t\t\t\t<div class=\"elementor-widget-container\">\n\t\t\t\t\t\t\t<div class=\"elementor-divider\">\n\t\t\t<span class=\"elementor-divider-separator\">\n\t\t\t\t\t\t<\/span>\n\t\t<\/div>\n\t\t\t\t\t\t<\/div>\n\t\t\t\t<\/div>\n\t\t\t\t<div class=\"elementor-element elementor-element-2bc0efe5 elementor-widget elementor-widget-text-editor\" data-id=\"2bc0efe5\" data-element_type=\"widget\" data-e-type=\"widget\" data-widget_type=\"text-editor.default\">\n\t\t\t\t<div class=\"elementor-widget-container\">\n\t\t\t\t\t\t\t\t\t<p>AndMar MedService O\u00fc on pitk\u00e4n kokemuksen omaava miehist\u00f6 suorittaen tasapainoista potilaiden kuljetuksia Virossa kuin my\u00f6s muualla EU- valtioissa. P\u00e4ivitt\u00e4inen joukkue koostuu kahdesta j\u00e4senest\u00e4 ja on suorittanut ensiapukoulutuksen. Ota tarvittaessa mukaan sairaanhoitaja tai l\u00e4\u00e4k\u00e4ri (hinta sopimuksen mukaan).Yhti\u00f6ll\u00e4 on hyv\u00e4 yhteisty\u00f6valmius paikallisten terveydenhoitoyksik\u00f6iden kanssa.<\/p>\n<p><strong>Asiakas kannetaan<\/strong> autoon kantotuolilla, paareilla tai kantoliinalla. Palvelu toimii s\u00e4ngyst\u00e4 s\u00e4nkyyn- periaatteella. Viemme potilaan kotoa sairaalaan, sairaalasta kotiin, kes\u00e4ksi m\u00f6kille, l\u00e4\u00e4k\u00e4rin vastaanotolle, hoitoon, tutkimuksiin jne.<\/p>\t\t\t\t\t\t\t\t<\/div>\n\t\t\t\t<\/div>\n\t\t\t\t\t<\/div>\n\t\t<\/div>\n\t\t\t\t<div class=\"elementor-column elementor-col-50 elementor-top-column elementor-element elementor-element-45fad40f\" data-id=\"45fad40f\" data-element_type=\"column\" data-e-type=\"column\">\n\t\t\t<div class=\"elementor-widget-wrap elementor-element-populated\">\n\t\t\t\t\t\t<div class=\"elementor-element elementor-element-79155d55 elementor-widget elementor-widget-image\" data-id=\"79155d55\" data-element_type=\"widget\" data-e-type=\"widget\" data-widget_type=\"image.default\">\n\t\t\t\t<div class=\"elementor-widget-container\">\n\t\t\t\t\t\t\t\t\t\t\t\t\t\t\t<img fetchpriority=\"high\" decoding=\"async\" width=\"2560\" height=\"1920\" src=\"https:\/\/medservice.ee\/wp-content\/uploads\/2019\/12\/IMG_8025-scaled.jpg\" class=\"attachment-full size-full wp-image-2936\" alt=\"\" srcset=\"https:\/\/medservice.ee\/wp-content\/uploads\/2019\/12\/IMG_8025-scaled.jpg 2560w, https:\/\/medservice.ee\/wp-content\/uploads\/2019\/12\/IMG_8025-300x225.jpg 300w, https:\/\/medservice.ee\/wp-content\/uploads\/2019\/12\/IMG_8025-1024x768.jpg 1024w, https:\/\/medservice.ee\/wp-content\/uploads\/2019\/12\/IMG_8025-768x576.jpg 768w, https:\/\/medservice.ee\/wp-content\/uploads\/2019\/12\/IMG_8025-1536x1152.jpg 1536w, https:\/\/medservice.ee\/wp-content\/uploads\/2019\/12\/IMG_8025-2048x1536.jpg 2048w\" sizes=\"(max-width: 2560px) 100vw, 2560px\" \/>\t\t\t\t\t\t\t\t\t\t\t\t\t\t\t<\/div>\n\t\t\t\t<\/div>\n\t\t\t\t\t<\/div>\n\t\t<\/div>\n\t\t\t\t\t<\/div>\n\t\t<\/section>\n\t\t\t\t<section class=\"elementor-section elementor-top-section elementor-element elementor-element-fa60ebc elementor-section-content-middle elementor-reverse-mobile elementor-section-boxed elementor-section-height-default elementor-section-height-default\" data-id=\"fa60ebc\" data-element_type=\"section\" data-e-type=\"section\">\n\t\t\t\t\t\t<div class=\"elementor-container elementor-column-gap-no\">\n\t\t\t\t\t<div class=\"elementor-column elementor-col-50 elementor-top-column elementor-element elementor-element-431767f\" data-id=\"431767f\" data-element_type=\"column\" data-e-type=\"column\">\n\t\t\t<div class=\"elementor-widget-wrap elementor-element-populated\">\n\t\t\t\t\t\t<div class=\"elementor-element elementor-element-86555e7 elementor-widget elementor-widget-heading\" data-id=\"86555e7\" data-element_type=\"widget\" data-e-type=\"widget\" data-widget_type=\"heading.default\">\n\t\t\t\t<div class=\"elementor-widget-container\">\n\t\t\t\t\t<h3 class=\"elementor-heading-title elementor-size-default\">Potilaskuljetukset<\/h3>\t\t\t\t<\/div>\n\t\t\t\t<\/div>\n\t\t\t\t<div class=\"elementor-element elementor-element-b50674e elementor-widget-divider--view-line elementor-widget elementor-widget-divider\" data-id=\"b50674e\" data-element_type=\"widget\" data-e-type=\"widget\" data-widget_type=\"divider.default\">\n\t\t\t\t<div class=\"elementor-widget-container\">\n\t\t\t\t\t\t\t<div class=\"elementor-divider\">\n\t\t\t<span class=\"elementor-divider-separator\">\n\t\t\t\t\t\t<\/span>\n\t\t<\/div>\n\t\t\t\t\t\t<\/div>\n\t\t\t\t<\/div>\n\t\t\t\t<div class=\"elementor-element elementor-element-32f65a0 elementor-widget elementor-widget-text-editor\" data-id=\"32f65a0\" data-element_type=\"widget\" data-e-type=\"widget\" data-widget_type=\"text-editor.default\">\n\t\t\t\t<div class=\"elementor-widget-container\">\n\t\t\t\t\t\t\t\t\t<p>Potilaskuljetusta tilattaessa suosittelemme tilata riitt\u00e4v\u00e4n hyviss\u00e4 ajoin, jotta voimme taata kuljetuksen oikea-aikaisen saatavuuden. Olisi suotavaa ilmoittaa my\u00f6s meille etuk\u00e4teen kuljetettavan henkil\u00f6n erityistarpeista (happivajaus, ylipainoisuus, kuljetustapa (paarit, rullatuoli, kantoliina, mik\u00e4 kerros kerrostalon ollessa kyseess\u00e4 jne). Tarvittaessa viemme asiakkaan my\u00f6s tutkimuksiin (hinta sopimuksen mukaan).<\/p><p>Autossa on hapenantov\u00e4lineet, ajon aikana voimme mitata SPO2 (hapen m\u00e4\u00e4r\u00e4 veress\u00e4), pulssia, verenpainetta, veren sokeria ja kehon l\u00e4mp\u00f6\u00e4. Lis\u00e4ksi autossa on olemassa seurantaa varten HP- monitori\/defibrillaatori.<\/p>\t\t\t\t\t\t\t\t<\/div>\n\t\t\t\t<\/div>\n\t\t\t\t\t<\/div>\n\t\t<\/div>\n\t\t\t\t<div class=\"elementor-column elementor-col-50 elementor-top-column elementor-element elementor-element-3a50257\" data-id=\"3a50257\" data-element_type=\"column\" data-e-type=\"column\">\n\t\t\t<div class=\"elementor-widget-wrap elementor-element-populated\">\n\t\t\t\t\t\t<div class=\"elementor-element elementor-element-c313d79 elementor-widget elementor-widget-image\" data-id=\"c313d79\" data-element_type=\"widget\" data-e-type=\"widget\" data-widget_type=\"image.default\">\n\t\t\t\t<div class=\"elementor-widget-container\">\n\t\t\t\t\t\t\t\t\t\t\t\t\t\t\t<img decoding=\"async\" width=\"960\" height=\"576\" src=\"https:\/\/medservice.ee\/wp-content\/uploads\/2019\/12\/11759683_1466939766954478_1033042624_n.jpg\" class=\"attachment-full size-full wp-image-2927\" alt=\"\" srcset=\"https:\/\/medservice.ee\/wp-content\/uploads\/2019\/12\/11759683_1466939766954478_1033042624_n.jpg 960w, https:\/\/medservice.ee\/wp-content\/uploads\/2019\/12\/11759683_1466939766954478_1033042624_n-300x180.jpg 300w, https:\/\/medservice.ee\/wp-content\/uploads\/2019\/12\/11759683_1466939766954478_1033042624_n-768x461.jpg 768w\" sizes=\"(max-width: 960px) 100vw, 960px\" \/>\t\t\t\t\t\t\t\t\t\t\t\t\t\t\t<\/div>\n\t\t\t\t<\/div>\n\t\t\t\t\t<\/div>\n\t\t<\/div>\n\t\t\t\t\t<\/div>\n\t\t<\/section>\n\t\t\t\t<section class=\"elementor-section elementor-top-section elementor-element elementor-element-2c7bc59e elementor-section-boxed elementor-section-height-default elementor-section-height-default\" data-id=\"2c7bc59e\" data-element_type=\"section\" data-e-type=\"section\">\n\t\t\t\t\t\t<div class=\"elementor-container elementor-column-gap-default\">\n\t\t\t\t\t<div class=\"elementor-column elementor-col-100 elementor-top-column elementor-element elementor-element-6bbc92c5\" data-id=\"6bbc92c5\" data-element_type=\"column\" data-e-type=\"column\">\n\t\t\t<div class=\"elementor-widget-wrap\">\n\t\t\t\t\t\t\t<\/div>\n\t\t<\/div>\n\t\t\t\t\t<\/div>\n\t\t<\/section>\n\t\t\t\t<\/div>\n\t\t","protected":false},"excerpt":{"rendered":"<p>AndMar MedService O\u00dc AndMar MedService O\u00fc on pitk\u00e4n kokemuksen omaava miehist\u00f6 suorittaen tasapainoista potilaiden kuljetuksia Virossa kuin my\u00f6s muualla EU- valtioissa. P\u00e4ivitt\u00e4inen joukkue koostuu kahdesta j\u00e4senest\u00e4 ja on suorittanut ensiapukoulutuksen. Ota tarvittaessa mukaan sairaanhoitaja tai l\u00e4\u00e4k\u00e4ri (hinta sopimuksen mukaan).Yhti\u00f6ll\u00e4 on hyv\u00e4 yhteisty\u00f6valmius paikallisten terveydenhoitoyksik\u00f6iden kanssa. Asiakas kannetaan autoon kantotuolilla, paareilla tai kantoliinalla. Palvelu toimii s\u00e4ngyst\u00e4 [&hellip;]<\/p>\n","protected":false},"author":1,"featured_media":0,"parent":0,"menu_order":0,"comment_status":"closed","ping_status":"closed","template":"","meta":{"footnotes":""},"class_list":["post-3010","page","type-page","status-publish","hentry"],"aioseo_notices":[],"_links":{"self":[{"href":"https:\/\/medservice.ee\/fi\/wp-json\/wp\/v2\/pages\/3010","targetHints":{"allow":["GET"]}}],"collection":[{"href":"https:\/\/medservice.ee\/fi\/wp-json\/wp\/v2\/pages"}],"about":[{"href":"https:\/\/medservice.ee\/fi\/wp-json\/wp\/v2\/types\/page"}],"author":[{"embeddable":true,"href":"https:\/\/medservice.ee\/fi\/wp-json\/wp\/v2\/users\/1"}],"replies":[{"embeddable":true,"href":"https:\/\/medservice.ee\/fi\/wp-json\/wp\/v2\/comments?post=3010"}],"version-history":[{"count":0,"href":"https:\/\/medservice.ee\/fi\/wp-json\/wp\/v2\/pages\/3010\/revisions"}],"wp:attachment":[{"href":"https:\/\/medservice.ee\/fi\/wp-json\/wp\/v2\/media?parent=3010"}],"curies":[{"name":"wp","href":"https:\/\/api.w.org\/{rel}","templated":true}]}}