{"id":2987,"date":"2026-03-16T11:21:00","date_gmt":"2026-03-16T09:21:00","guid":{"rendered":"https:\/\/medservice.ee\/?page_id=2987"},"modified":"2026-03-16T11:21:30","modified_gmt":"2026-03-16T09:21:30","slug":"hinnasto","status":"publish","type":"page","link":"https:\/\/medservice.ee\/fi\/hinnasto\/","title":{"rendered":"Hinnasto"},"content":{"rendered":"\t\t<div data-elementor-type=\"wp-page\" data-elementor-id=\"2987\" class=\"elementor elementor-2987 elementor-11\" data-elementor-post-type=\"page\">\n\t\t\t\t\t\t<section class=\"elementor-section elementor-top-section elementor-element elementor-element-e22552a elementor-section-boxed elementor-section-height-default elementor-section-height-default\" data-id=\"e22552a\" data-element_type=\"section\" data-e-type=\"section\">\n\t\t\t\t\t\t<div class=\"elementor-container elementor-column-gap-default\">\n\t\t\t\t\t<div class=\"elementor-column elementor-col-100 elementor-top-column elementor-element elementor-element-bfb2414\" data-id=\"bfb2414\" data-element_type=\"column\" data-e-type=\"column\">\n\t\t\t<div class=\"elementor-widget-wrap\">\n\t\t\t\t\t\t\t<\/div>\n\t\t<\/div>\n\t\t\t\t\t<\/div>\n\t\t<\/section>\n\t\t\t\t<section class=\"elementor-section elementor-top-section elementor-element elementor-element-d0c85b2 elementor-section-boxed elementor-section-height-default elementor-section-height-default\" data-id=\"d0c85b2\" data-element_type=\"section\" data-e-type=\"section\">\n\t\t\t\t\t\t<div class=\"elementor-container elementor-column-gap-default\">\n\t\t\t\t\t<div class=\"elementor-column elementor-col-100 elementor-top-column elementor-element elementor-element-632ccec\" data-id=\"632ccec\" data-element_type=\"column\" data-e-type=\"column\">\n\t\t\t<div class=\"elementor-widget-wrap elementor-element-populated\">\n\t\t\t\t\t\t<div class=\"elementor-element elementor-element-72b2178 elementor-widget elementor-widget-text-editor\" data-id=\"72b2178\" data-element_type=\"widget\" data-e-type=\"widget\" data-widget_type=\"text-editor.default\">\n\t\t\t\t<div class=\"elementor-widget-container\">\n\t\t\t\t\t\t\t\t\t<h2>L\u00e4\u00e4ketieteellisen kuljetuksen hinnasto ja ehdot<\/h2><p>T\u00e4m\u00e4 hinnasto ja ehdot s\u00e4\u00e4telev\u00e4t <strong>AndMar Medics O\u00dc:n tarjoaman l\u00e4\u00e4ketieteellisen kuljetuspalvelun<\/strong> tilaamista, suorittamista ja maksamista.<\/p><h3>1. M\u00e4\u00e4ritelm\u00e4t<\/h3><p><strong>Potilas \/ asiakas<\/strong> \u2013 palvelun vastaanottaja.<br \/><strong>Tilaaja<\/strong> \u2013 tilauksen tekev\u00e4 henkil\u00f6 tai laitos, joka vastaa maksamisesta, ellei kirjallisesti toisin sovita.<br \/><strong>Kuljetuspalvelu<\/strong> \u2013 potilaan siirt\u00e4minen l\u00e4ht\u00f6pisteest\u00e4 m\u00e4\u00e4r\u00e4np\u00e4\u00e4h\u00e4n tarvittavan avustuksen kanssa.<br \/><strong>Tallinnan sis\u00e4ll\u00e4<\/strong> \u2013 kuljetus Tallinnan kaupungin hallinnollisella alueella.<br \/><strong>L\u00e4ht\u00f6maksu<\/strong> \u2013 kiinte\u00e4 maksu kuljetusryhm\u00e4n l\u00e4hett\u00e4misest\u00e4.<br \/><strong>Odotusaika<\/strong> \u2013 aika ryhm\u00e4n saapumisesta sovittuun osoitteeseen l\u00e4ht\u00f6\u00f6n asti tilaajasta\/potilaasta johtuvista syist\u00e4.<\/p><h3>2. Hinnat<\/h3><h4>2.1. L\u00e4\u00e4ketieteellinen kuljetus Tallinnan sis\u00e4ll\u00e4*<\/h4><p><strong>Ma\u2013Pe 06:00\u201322:00<\/strong> \u2013 55 \u20ac \/ potilas<br \/><strong>Ma\u2013Pe 22:00\u201306:00<\/strong> \u2013 75 \u20ac \/ potilas<br \/><strong>La\u2013Su 24h<\/strong> \u2013 75 \u20ac \/ potilas<\/p><p><strong>Odotusaika:<\/strong><br \/>30 minuuttia veloituksetta; sen j\u00e4lkeen <strong>1 \u20ac \/ minuutti (60 \u20ac \/ tunti)<\/strong>, laskettuna <strong>10 minuutin jaksoissa<\/strong>.<\/p><h4>2.2. L\u00e4\u00e4ketieteellinen kuljetus Viron sis\u00e4ll\u00e4*<\/h4><p><strong>Ma\u2013Pe 06:00\u201322:00<\/strong><br \/>30 \u20ac l\u00e4ht\u00f6maksu + <strong>1,60 \u20ac \/ km<\/strong><\/p><p><strong>Ma\u2013Pe 22:00\u201306:00 ja La\u2013Su 24h<\/strong><br \/>30 \u20ac l\u00e4ht\u00f6maksu + <strong>1,80 \u20ac \/ km<\/strong><\/p><p><strong>Esimerkki:<\/strong> Tallinna \u2013 Tartu: 30 \u20ac + (184 km \u00d7 1,60 \u20ac) = <strong>324,40 \u20ac<\/strong><br \/><strong>Y\u00f6tariffiesimerkki:<\/strong> Tallinna \u2013 Tartu: 30 \u20ac + (184 km \u00d7 1,80 \u20ac) = <strong>361,20 \u20ac<\/strong><\/p><p><strong>Odotusaika:<\/strong> 30 minuuttia veloituksetta; sen j\u00e4lkeen <strong>1 \u20ac \/ minuutti<\/strong>, laskettuna <strong>10 minuutin jaksoissa<\/strong>.<\/p><h3>Lis\u00e4maksut ja erityisehdot<\/h3><p>Kuljetus <strong>tartuntariskipotilaalle<\/strong> \u2013 lis\u00e4maksu <strong>25 \u20ac<\/strong>.<br \/>Kuljetus <strong>ylipainoiselle potilaalle (80+ kg)<\/strong> kerrosten v\u00e4lill\u00e4 \u2013 <strong>hinta sopimuksen mukaan<\/strong>.<br \/>Kuljetus <strong>saarille<\/strong> \u2013 lauttaliput lis\u00e4t\u00e4\u00e4n todellisten kulujen mukaan.<br \/><strong>Pyh\u00e4p\u00e4iv\u00e4t<\/strong> \u2013 hinta sopimuksen mukaan.<br \/><strong>Kansainv\u00e4linen kuljetus<\/strong> \u2013 tarkka hinta vahvistetaan ennen l\u00e4ht\u00f6\u00e4.<\/p><h3>Ryhm\u00e4 ja palvelun laajuus<\/h3><p>Palvelu suoritetaan <strong>1\u20132 hengen ryhm\u00e4ll\u00e4<\/strong> tilanteen mukaan.<br \/>Hinnasto koskee <strong>jokaista kuljetettavaa potilasta<\/strong>.<\/p><h3>Tilaajan tiedonantovelvollisuus<\/h3><p>Tilaajan on annettava ryhm\u00e4lle tiedot:<\/p><ul><li>potilaan tilasta ja diagnooseista<\/li><li>liikuntakyvyst\u00e4 ja potilaan painosta<\/li><li>tartuntariskist\u00e4<\/li><li>aggressiivisuuden tai sekavuuden riskist\u00e4<\/li><li>erityisv\u00e4lineiden tarpeesta<\/li><li>kulkuyhteyksist\u00e4 (hissi, portaat, pys\u00e4k\u00f6inti, ovet)<\/li><\/ul><h3>Laskutus ja maksuehdot<\/h3><p>Maksu: <strong>k\u00e4teinen, korttimaksu, pankkisiirto<\/strong>.<br \/>Lasku toimitetaan <strong>3 ty\u00f6p\u00e4iv\u00e4n kuluessa<\/strong>. Maksuaika \u2013 <strong>7 kalenterip\u00e4iv\u00e4\u00e4<\/strong>.<br \/>S\u00e4hk\u00f6isen laskun saapuessa tarkistathan my\u00f6s <strong>roskapostikansion<\/strong>.<\/p><h3>Hinnaston voimassaolo<\/h3><p>* Hinnat koskevat <strong>Viron asukkaita<\/strong>.<br \/>Hinnasto on voimassa <strong>1.4.2026 alkaen<\/strong>.<\/p><p>\u00a0<\/p>\t\t\t\t\t\t\t\t<\/div>\n\t\t\t\t<\/div>\n\t\t\t\t\t<\/div>\n\t\t<\/div>\n\t\t\t\t\t<\/div>\n\t\t<\/section>\n\t\t\t\t<section class=\"elementor-section elementor-top-section elementor-element elementor-element-9dd72bd elementor-section-boxed elementor-section-height-default elementor-section-height-default\" data-id=\"9dd72bd\" data-element_type=\"section\" data-e-type=\"section\">\n\t\t\t\t\t\t<div class=\"elementor-container elementor-column-gap-default\">\n\t\t\t\t\t<div class=\"elementor-column elementor-col-100 elementor-top-column elementor-element elementor-element-d2bce68\" data-id=\"d2bce68\" data-element_type=\"column\" data-e-type=\"column\">\n\t\t\t<div class=\"elementor-widget-wrap\">\n\t\t\t\t\t\t\t<\/div>\n\t\t<\/div>\n\t\t\t\t\t<\/div>\n\t\t<\/section>\n\t\t\t\t<section class=\"elementor-section elementor-top-section elementor-element elementor-element-b5ba46e elementor-section-boxed elementor-section-height-default elementor-section-height-default\" data-id=\"b5ba46e\" data-element_type=\"section\" data-e-type=\"section\">\n\t\t\t\t\t\t<div class=\"elementor-container elementor-column-gap-default\">\n\t\t\t\t\t<div class=\"elementor-column elementor-col-100 elementor-top-column elementor-element elementor-element-078b3e2\" data-id=\"078b3e2\" data-element_type=\"column\" data-e-type=\"column\">\n\t\t\t<div class=\"elementor-widget-wrap elementor-element-populated\">\n\t\t\t\t\t\t<div class=\"elementor-element elementor-element-b67b4c0 elementor-align-center elementor-widget elementor-widget-button\" data-id=\"b67b4c0\" data-element_type=\"widget\" data-e-type=\"widget\" data-widget_type=\"button.default\">\n\t\t\t\t<div class=\"elementor-widget-container\">\n\t\t\t\t\t\t\t\t\t<div class=\"elementor-button-wrapper\">\n\t\t\t\t\t<a class=\"elementor-button elementor-button-link elementor-size-md\" href=\"https:\/\/medservice.ee\/tellimine\/\">\n\t\t\t\t\t\t<span class=\"elementor-button-content-wrapper\">\n\t\t\t\t\t\t\t\t\t<span class=\"elementor-button-text\">Tilaa kuljetus, klikkaa t\u00e4st\u00e4. \ud83d\ude91<\/span>\n\t\t\t\t\t<\/span>\n\t\t\t\t\t<\/a>\n\t\t\t\t<\/div>\n\t\t\t\t\t\t\t\t<\/div>\n\t\t\t\t<\/div>\n\t\t\t\t\t<\/div>\n\t\t<\/div>\n\t\t\t\t\t<\/div>\n\t\t<\/section>\n\t\t\t\t<\/div>\n\t\t","protected":false},"excerpt":{"rendered":"<p>L\u00e4\u00e4ketieteellisen kuljetuksen hinnasto ja ehdot T\u00e4m\u00e4 hinnasto ja ehdot s\u00e4\u00e4telev\u00e4t AndMar Medics O\u00dc:n tarjoaman l\u00e4\u00e4ketieteellisen kuljetuspalvelun tilaamista, suorittamista ja maksamista. 1. M\u00e4\u00e4ritelm\u00e4t Potilas \/ asiakas \u2013 palvelun vastaanottaja.Tilaaja \u2013 tilauksen tekev\u00e4 henkil\u00f6 tai laitos, joka vastaa maksamisesta, ellei kirjallisesti toisin sovita.Kuljetuspalvelu \u2013 potilaan siirt\u00e4minen l\u00e4ht\u00f6pisteest\u00e4 m\u00e4\u00e4r\u00e4np\u00e4\u00e4h\u00e4n tarvittavan avustuksen kanssa.Tallinnan sis\u00e4ll\u00e4 \u2013 kuljetus Tallinnan kaupungin hallinnollisella [&hellip;]<\/p>\n","protected":false},"author":1,"featured_media":0,"parent":0,"menu_order":0,"comment_status":"closed","ping_status":"closed","template":"","meta":{"footnotes":""},"class_list":["post-2987","page","type-page","status-publish","hentry"],"aioseo_notices":[],"_links":{"self":[{"href":"https:\/\/medservice.ee\/fi\/wp-json\/wp\/v2\/pages\/2987","targetHints":{"allow":["GET"]}}],"collection":[{"href":"https:\/\/medservice.ee\/fi\/wp-json\/wp\/v2\/pages"}],"about":[{"href":"https:\/\/medservice.ee\/fi\/wp-json\/wp\/v2\/types\/page"}],"author":[{"embeddable":true,"href":"https:\/\/medservice.ee\/fi\/wp-json\/wp\/v2\/users\/1"}],"replies":[{"embeddable":true,"href":"https:\/\/medservice.ee\/fi\/wp-json\/wp\/v2\/comments?post=2987"}],"version-history":[{"count":4,"href":"https:\/\/medservice.ee\/fi\/wp-json\/wp\/v2\/pages\/2987\/revisions"}],"predecessor-version":[{"id":6385,"href":"https:\/\/medservice.ee\/fi\/wp-json\/wp\/v2\/pages\/2987\/revisions\/6385"}],"wp:attachment":[{"href":"https:\/\/medservice.ee\/fi\/wp-json\/wp\/v2\/media?parent=2987"}],"curies":[{"name":"wp","href":"https:\/\/api.w.org\/{rel}","templated":true}]}}