{"id":2983,"date":"2019-12-27T13:29:11","date_gmt":"2019-12-27T13:29:11","guid":{"rendered":"https:\/\/medservice.ee\/?page_id=2983"},"modified":"2026-03-16T11:38:40","modified_gmt":"2026-03-16T09:38:40","slug":"koulutukset","status":"publish","type":"page","link":"https:\/\/medservice.ee\/fi\/koulutukset\/","title":{"rendered":"Koulutukset"},"content":{"rendered":"\t\t<div data-elementor-type=\"wp-page\" data-elementor-id=\"2983\" class=\"elementor elementor-2983 elementor-2727\" data-elementor-post-type=\"page\">\n\t\t\t\t\t\t<section class=\"elementor-section elementor-top-section elementor-element elementor-element-2d30a62a elementor-section-content-top elementor-reverse-mobile elementor-section-boxed elementor-section-height-default elementor-section-height-default\" data-id=\"2d30a62a\" data-element_type=\"section\" data-e-type=\"section\">\n\t\t\t\t\t\t<div class=\"elementor-container elementor-column-gap-no\">\n\t\t\t\t\t<div class=\"elementor-column elementor-col-50 elementor-top-column elementor-element elementor-element-612d694a\" data-id=\"612d694a\" data-element_type=\"column\" data-e-type=\"column\">\n\t\t\t<div class=\"elementor-widget-wrap elementor-element-populated\">\n\t\t\t\t\t\t<div class=\"elementor-element elementor-element-4fb035ca elementor-widget elementor-widget-heading\" data-id=\"4fb035ca\" data-element_type=\"widget\" data-e-type=\"widget\" data-widget_type=\"heading.default\">\n\t\t\t\t<div class=\"elementor-widget-container\">\n\t\t\t\t\t<h3 class=\"elementor-heading-title elementor-size-default\">Ensiapukoulutus yrityksille \u2013 tiedot, jotka voivat pelastaa hengen<\/h3>\t\t\t\t<\/div>\n\t\t\t\t<\/div>\n\t\t\t\t<div class=\"elementor-element elementor-element-41431079 elementor-widget-divider--view-line elementor-widget elementor-widget-divider\" data-id=\"41431079\" data-element_type=\"widget\" data-e-type=\"widget\" data-widget_type=\"divider.default\">\n\t\t\t\t<div class=\"elementor-widget-container\">\n\t\t\t\t\t\t\t<div class=\"elementor-divider\">\n\t\t\t<span class=\"elementor-divider-separator\">\n\t\t\t\t\t\t<\/span>\n\t\t<\/div>\n\t\t\t\t\t\t<\/div>\n\t\t\t\t<\/div>\n\t\t\t\t<div class=\"elementor-element elementor-element-3e301f7 elementor-widget elementor-widget-text-editor\" data-id=\"3e301f7\" data-element_type=\"widget\" data-e-type=\"widget\" data-widget_type=\"text-editor.default\">\n\t\t\t\t<div class=\"elementor-widget-container\">\n\t\t\t\t\t\t\t\t\t<p>Onnettomuudet ja \u00e4killiset terveystilanteet voivat tapahtua milloin tahansa \u2013 ty\u00f6paikalla, julkisissa tiloissa tai kotona. Oikeaan aikaan annettu ensiapu voi pelastaa hengen ja v\u00e4hent\u00e4\u00e4 merkitt\u00e4v\u00e4sti vammojen seurauksia.<\/p><p><strong>AndMar MedService\/ AndMar Medics<\/strong> tarjoaa ammattimaista ensiapukoulutusta yrityksille, organisaatioille ja tiimeille, jotka haluavat varmistaa, ett\u00e4 heid\u00e4n ty\u00f6ntekij\u00e4ns\u00e4 ovat valmiita toimimaan nopeasti ja oikein kriittisiss\u00e4 tilanteissa.<br \/>Koulutuksemme keskittyy <strong>k\u00e4yt\u00e4nn\u00f6n taitoihin ja todellisiin el\u00e4m\u00e4ntilanteisiin<\/strong>, jotta jokainen osallistuja pystyy tarvittaessa antamaan ensiapua ammattiavun saapumiseen asti.<\/p><p><strong>Miksi valita meid\u00e4n ensiapukoulutuksemme?<\/strong><\/p><p>\u2714 Yli <strong>10 vuoden k\u00e4yt\u00e4nn\u00f6n l\u00e4\u00e4ketieteellinen kokemus<\/strong><br \/>\u2714 Koulutus perustuu <strong>todellisiin ensihoitokokemuksiin<\/strong><br \/>\u2714 <strong>K\u00e4yt\u00e4nn\u00f6llinen ja helposti ymm\u00e4rrett\u00e4v\u00e4 koulutus<\/strong>, ei pelkk\u00e4\u00e4 teoriaa<br \/>\u2714 Koulutus <strong>mukautetaan yrityksen ty\u00f6ymp\u00e4rist\u00f6\u00f6n ja riskiprofiiliin<\/strong><br \/>\u2714 Koulutus <strong>viroksi, ven\u00e4j\u00e4ksi ja englanniksi<\/strong><br \/>\u2714 Sopii sek\u00e4 <strong>pienille tiimeille ett\u00e4 suurille organisaatioille<\/strong><\/p><p>Tavoitteemme ei ole vain tiedon siirt\u00e4minen, vaan <strong>todellisten taitojen opettaminen, joita voidaan k\u00e4ytt\u00e4\u00e4 kriittisiss\u00e4 tilanteissa<\/strong>.<\/p>\t\t\t\t\t\t\t\t<\/div>\n\t\t\t\t<\/div>\n\t\t\t\t\t<\/div>\n\t\t<\/div>\n\t\t\t\t<div class=\"elementor-column elementor-col-50 elementor-top-column elementor-element elementor-element-23507371\" data-id=\"23507371\" data-element_type=\"column\" data-e-type=\"column\">\n\t\t\t<div class=\"elementor-widget-wrap elementor-element-populated\">\n\t\t\t\t\t\t<div class=\"elementor-element elementor-element-d50ad29 elementor-widget elementor-widget-heading\" data-id=\"d50ad29\" data-element_type=\"widget\" data-e-type=\"widget\" data-widget_type=\"heading.default\">\n\t\t\t\t<div class=\"elementor-widget-container\">\n\t\t\t\t\t<h2 class=\"elementor-heading-title elementor-size-default\">Koulutuksen sis\u00e4lt\u00f6<\/h2>\t\t\t\t<\/div>\n\t\t\t\t<\/div>\n\t\t\t\t<div class=\"elementor-element elementor-element-6231a07f elementor-widget elementor-widget-text-editor\" data-id=\"6231a07f\" data-element_type=\"widget\" data-e-type=\"widget\" data-widget_type=\"text-editor.default\">\n\t\t\t\t<div class=\"elementor-widget-container\">\n\t\t\t\t\t\t\t\t\t<p>Koulutus kattaa ensiaputoiminnan periaatteet ja k\u00e4yt\u00e4nn\u00f6n toimet erilaisissa h\u00e4t\u00e4tilanteissa, mukaan lukien:<\/p><ul><li>tilanteen arviointi ja avun kutsuminen<\/li><li>uhrin tilan arviointi<\/li><li>syd\u00e4n- ja keuhkoelvytyksen (CPR) periaatteet<\/li><li>tajuttoman henkil\u00f6n auttaminen<\/li><li>verenvuodon tyrehdytt\u00e4minen<\/li><li>vammat ja murtumat<\/li><li>palovammat ja muut vauriot<\/li><li>tukehtuminen ja hengitysteiden tukkeutuminen<\/li><li>\u00e4killiset terveystilanteet (esim. syd\u00e4nongelmat, kouristukset jne.)<\/li><\/ul><p><br \/>Tarvittaessa koulutuksen sis\u00e4lt\u00f6 voidaan <strong>mukauttaa yrityksen toimialan ja ty\u00f6ymp\u00e4rist\u00f6n riskien mukaan<\/strong>.<\/p>\t\t\t\t\t\t\t\t<\/div>\n\t\t\t\t<\/div>\n\t\t\t\t<div class=\"elementor-element elementor-element-5d0ca16 elementor-widget elementor-widget-heading\" data-id=\"5d0ca16\" data-element_type=\"widget\" data-e-type=\"widget\" data-widget_type=\"heading.default\">\n\t\t\t\t<div class=\"elementor-widget-container\">\n\t\t\t\t\t<h2 class=\"elementor-heading-title elementor-size-default\">Koulutuksen kesto ja hinta<\/h2>\t\t\t\t<\/div>\n\t\t\t\t<\/div>\n\t\t\t\t<div class=\"elementor-element elementor-element-e51a8fe elementor-widget elementor-widget-text-editor\" data-id=\"e51a8fe\" data-element_type=\"widget\" data-e-type=\"widget\" data-widget_type=\"text-editor.default\">\n\t\t\t\t<div class=\"elementor-widget-container\">\n\t\t\t\t\t\t\t\t\t<p><strong>4 tuntia \u2013 400 \u20ac<\/strong><br \/><strong>8 tuntia \u2013 680 \u20ac<\/strong><br \/><strong>16 tuntia \u2013 1050 \u20ac<\/strong><\/p><p><br \/>Hinta koskee yht\u00e4 koulutusryhm\u00e4\u00e4.<\/p><p>Ryhm\u00e4n koko: enint\u00e4\u00e4n 20 osallistujaa, mik\u00e4 mahdollistaa kaikkien aktiivisen osallistumisen k\u00e4yt\u00e4nn\u00f6n harjoituksiin.<\/p>\t\t\t\t\t\t\t\t<\/div>\n\t\t\t\t<\/div>\n\t\t\t\t\t<\/div>\n\t\t<\/div>\n\t\t\t\t\t<\/div>\n\t\t<\/section>\n\t\t\t\t<section class=\"elementor-section elementor-top-section elementor-element elementor-element-2cd47af0 elementor-section-content-middle elementor-section-boxed elementor-section-height-default elementor-section-height-default\" data-id=\"2cd47af0\" data-element_type=\"section\" data-e-type=\"section\" data-settings=\"{&quot;background_background&quot;:&quot;classic&quot;}\">\n\t\t\t\t\t\t<div class=\"elementor-container elementor-column-gap-default\">\n\t\t\t\t\t<div class=\"elementor-column elementor-col-50 elementor-top-column elementor-element elementor-element-112c8ff3\" data-id=\"112c8ff3\" data-element_type=\"column\" data-e-type=\"column\">\n\t\t\t<div class=\"elementor-widget-wrap elementor-element-populated\">\n\t\t\t\t\t\t<div class=\"elementor-element elementor-element-e348cfa elementor-widget elementor-widget-heading\" data-id=\"e348cfa\" data-element_type=\"widget\" data-e-type=\"widget\" data-widget_type=\"heading.default\">\n\t\t\t\t<div class=\"elementor-widget-container\">\n\t\t\t\t\t<h2 class=\"elementor-heading-title elementor-size-default\">Kouluttaja<\/h2>\t\t\t\t<\/div>\n\t\t\t\t<\/div>\n\t\t\t\t<div class=\"elementor-element elementor-element-6c52ea71 elementor-widget elementor-widget-text-editor\" data-id=\"6c52ea71\" data-element_type=\"widget\" data-e-type=\"widget\" data-widget_type=\"text-editor.default\">\n\t\t\t\t<div class=\"elementor-widget-container\">\n\t\t\t\t\t\t\t\t\t<p>Koulutuksen pit\u00e4\u00e4 <strong>Aivo Loigom,<\/strong> jolla on yli <strong>20 vuoden kokemus l\u00e4\u00e4ketieteen alalla<\/strong>.<\/p><p>Koulutus ja p\u00e4tevyys:<\/p><ul><li>ensihoitaja<\/li><li>ensiapukouluttaja<\/li><\/ul><p><br \/>Pitk\u00e4aikainen kokemus sek\u00e4 <strong>sotilas- ett\u00e4 ensihoitol\u00e4\u00e4ketieteess\u00e4<\/strong> mahdollistaa koulutuksen teoreettisen osan yhdist\u00e4misen todellisiin esimerkkeihin. T\u00e4m\u00e4 tekee koulutuksesta <strong>k\u00e4yt\u00e4nn\u00f6llisen, mukaansatempaavan ja antaa osallistujille varmuuden tietojensa soveltamiseen<\/strong>.<\/p>\t\t\t\t\t\t\t\t<\/div>\n\t\t\t\t<\/div>\n\t\t\t\t\t<\/div>\n\t\t<\/div>\n\t\t\t\t<div class=\"elementor-column elementor-col-50 elementor-top-column elementor-element elementor-element-39676160\" data-id=\"39676160\" data-element_type=\"column\" data-e-type=\"column\">\n\t\t\t<div class=\"elementor-widget-wrap elementor-element-populated\">\n\t\t\t\t\t\t<div class=\"elementor-element elementor-element-4c0883f6 elementor-widget elementor-widget-image\" data-id=\"4c0883f6\" data-element_type=\"widget\" data-e-type=\"widget\" data-widget_type=\"image.default\">\n\t\t\t\t<div class=\"elementor-widget-container\">\n\t\t\t\t\t\t\t\t\t\t\t\t\t\t\t<img decoding=\"async\" src=\"https:\/\/medservice.ee\/wp-content\/uploads\/elementor\/thumbs\/aivo-medservice-rkfzjg1xsu2oxvfafgdntq8v1u8jscyylf7nvn9exs.jpeg\" title=\"Aivo Medservice\" alt=\"Aivo Medservice\" loading=\"lazy\" \/>\t\t\t\t\t\t\t\t\t\t\t\t\t\t\t<\/div>\n\t\t\t\t<\/div>\n\t\t\t\t\t<\/div>\n\t\t<\/div>\n\t\t\t\t\t<\/div>\n\t\t<\/section>\n\t\t\t\t<section class=\"elementor-section elementor-top-section elementor-element elementor-element-78132bb elementor-section-content-top elementor-reverse-mobile elementor-section-boxed elementor-section-height-default elementor-section-height-default\" data-id=\"78132bb\" data-element_type=\"section\" data-e-type=\"section\">\n\t\t\t\t\t\t<div class=\"elementor-container elementor-column-gap-no\">\n\t\t\t\t\t<div class=\"elementor-column elementor-col-100 elementor-top-column elementor-element elementor-element-bfb9cbe\" data-id=\"bfb9cbe\" data-element_type=\"column\" data-e-type=\"column\">\n\t\t\t<div class=\"elementor-widget-wrap elementor-element-populated\">\n\t\t\t\t\t\t<div class=\"elementor-element elementor-element-f7461c7 elementor-widget elementor-widget-text-editor\" data-id=\"f7461c7\" data-element_type=\"widget\" data-e-type=\"widget\" data-widget_type=\"text-editor.default\">\n\t\t\t\t<div class=\"elementor-widget-container\">\n\t\t\t\t\t\t\t\t\t<h2>Investointi, joka voi pelastaa hengen<\/h2><p>Ensiapukoulutus ei ole pelkk\u00e4 muodollisuus. Se on tieto ja taito, joka voi <strong>pelastaa hengen kriittisell\u00e4 hetkell\u00e4<\/strong>.<br \/>Ammattimaisesti toteutettu koulutus antaa ty\u00f6ntekij\u00f6ille varmuuden <strong>toimia nopeasti, oikein ja rauhallisesti kriittisiss\u00e4 tilanteissa<\/strong>.<\/p><h2>Pyyd\u00e4 tarjous<\/h2><p>Jos haluat tilata ensiapukoulutuksen yrityksellesi tai tiimillesi, ota meihin yhteytt\u00e4 osoitteessa aivo@medservice.ee tai info@medservice.ee.<br \/>L\u00f6yd\u00e4mme <strong>organisaatiollesi sopivimman koulutusratkaisun<\/strong> ja sovimme sopivan ajan ja koulutusmuodon.<\/p>\t\t\t\t\t\t\t\t<\/div>\n\t\t\t\t<\/div>\n\t\t\t\t\t<\/div>\n\t\t<\/div>\n\t\t\t\t\t<\/div>\n\t\t<\/section>\n\t\t\t\t<\/div>\n\t\t","protected":false},"excerpt":{"rendered":"<p>Ensiapukoulutus yrityksille \u2013 tiedot, jotka voivat pelastaa hengen Onnettomuudet ja \u00e4killiset terveystilanteet voivat tapahtua milloin tahansa \u2013 ty\u00f6paikalla, julkisissa tiloissa tai kotona. Oikeaan aikaan annettu ensiapu voi pelastaa hengen ja v\u00e4hent\u00e4\u00e4 merkitt\u00e4v\u00e4sti vammojen seurauksia. AndMar MedService\/ AndMar Medics tarjoaa ammattimaista ensiapukoulutusta yrityksille, organisaatioille ja tiimeille, jotka haluavat varmistaa, ett\u00e4 heid\u00e4n ty\u00f6ntekij\u00e4ns\u00e4 ovat valmiita toimimaan nopeasti [&hellip;]<\/p>\n","protected":false},"author":1,"featured_media":0,"parent":0,"menu_order":0,"comment_status":"closed","ping_status":"closed","template":"","meta":{"footnotes":""},"class_list":["post-2983","page","type-page","status-publish","hentry"],"aioseo_notices":[],"_links":{"self":[{"href":"https:\/\/medservice.ee\/fi\/wp-json\/wp\/v2\/pages\/2983","targetHints":{"allow":["GET"]}}],"collection":[{"href":"https:\/\/medservice.ee\/fi\/wp-json\/wp\/v2\/pages"}],"about":[{"href":"https:\/\/medservice.ee\/fi\/wp-json\/wp\/v2\/types\/page"}],"author":[{"embeddable":true,"href":"https:\/\/medservice.ee\/fi\/wp-json\/wp\/v2\/users\/1"}],"replies":[{"embeddable":true,"href":"https:\/\/medservice.ee\/fi\/wp-json\/wp\/v2\/comments?post=2983"}],"version-history":[{"count":2,"href":"https:\/\/medservice.ee\/fi\/wp-json\/wp\/v2\/pages\/2983\/revisions"}],"predecessor-version":[{"id":6391,"href":"https:\/\/medservice.ee\/fi\/wp-json\/wp\/v2\/pages\/2983\/revisions\/6391"}],"wp:attachment":[{"href":"https:\/\/medservice.ee\/fi\/wp-json\/wp\/v2\/media?parent=2983"}],"curies":[{"name":"wp","href":"https:\/\/api.w.org\/{rel}","templated":true}]}}